{"id":35790,"date":"2022-04-27T15:33:47","date_gmt":"2022-04-27T13:33:47","guid":{"rendered":"https:\/\/p-kbkup1.project.space\/impressum"},"modified":"2023-11-02T17:26:49","modified_gmt":"2023-11-02T16:26:49","slug":"impressum","status":"publish","type":"page","link":"https:\/\/www.bestplace-spanien.com\/es\/impressum","title":{"rendered":"Impressum"},"content":{"rendered":"\t\t<div data-elementor-type=\"wp-page\" data-elementor-id=\"35790\" class=\"elementor elementor-35790 elementor-17892\" data-elementor-post-type=\"page\">\n\t\t\t\t\t\t<section class=\"elementor-section elementor-top-section elementor-element elementor-element-52a35d0 elementor-section-height-min-height elementor-section-boxed elementor-section-height-default elementor-section-items-middle\" data-id=\"52a35d0\" data-element_type=\"section\" data-settings=\"{&quot;background_background&quot;:&quot;classic&quot;}\">\n\t\t\t\t\t\t<div class=\"elementor-container elementor-column-gap-default\">\n\t\t\t\t\t<div class=\"elementor-column elementor-col-100 elementor-top-column elementor-element elementor-element-1847134\" data-id=\"1847134\" data-element_type=\"column\">\n\t\t\t<div class=\"elementor-widget-wrap elementor-element-populated\">\n\t\t\t\t\t\t<div class=\"elementor-element elementor-element-1dd7e28 elementor-widget elementor-widget-heading\" data-id=\"1dd7e28\" data-element_type=\"widget\" data-widget_type=\"heading.default\">\n\t\t\t\t<div class=\"elementor-widget-container\">\n\t\t\t<h1 class=\"elementor-heading-title elementor-size-default\">IMPRESSUM<\/h1>\t\t<\/div>\n\t\t\t\t<\/div>\n\t\t\t\t\t<\/div>\n\t\t<\/div>\n\t\t\t\t\t<\/div>\n\t\t<\/section>\n\t\t\t\t<section class=\"elementor-section elementor-top-section elementor-element elementor-element-37ef07d elementor-section-boxed elementor-section-height-default elementor-section-height-default\" data-id=\"37ef07d\" data-element_type=\"section\">\n\t\t\t\t\t\t<div class=\"elementor-container elementor-column-gap-default\">\n\t\t\t\t\t<div class=\"elementor-column elementor-col-100 elementor-top-column elementor-element elementor-element-d6250e7\" data-id=\"d6250e7\" data-element_type=\"column\">\n\t\t\t<div class=\"elementor-widget-wrap\">\n\t\t\t\t\t\t\t<\/div>\n\t\t<\/div>\n\t\t\t\t\t<\/div>\n\t\t<\/section>\n\t\t\t\t<section class=\"elementor-section elementor-top-section elementor-element elementor-element-383626d elementor-section-boxed elementor-section-height-default elementor-section-height-default\" data-id=\"383626d\" data-element_type=\"section\">\n\t\t\t\t\t\t<div class=\"elementor-container elementor-column-gap-default\">\n\t\t\t\t\t<div class=\"elementor-column elementor-col-100 elementor-top-column elementor-element elementor-element-1b08e75\" data-id=\"1b08e75\" data-element_type=\"column\">\n\t\t\t<div class=\"elementor-widget-wrap elementor-element-populated\">\n\t\t\t\t\t\t<div class=\"elementor-element elementor-element-3b2a3ed elementor-widget elementor-widget-heading\" data-id=\"3b2a3ed\" data-element_type=\"widget\" data-widget_type=\"heading.default\">\n\t\t\t\t<div class=\"elementor-widget-container\">\n\t\t\t<h2 class=\"elementor-heading-title elementor-size-default\">Best Place Properties Spain S.L.<\/h2>\t\t<\/div>\n\t\t\t\t<\/div>\n\t\t\t\t<div class=\"elementor-element elementor-element-5296f01 elementor-widget elementor-widget-text-editor\" data-id=\"5296f01\" data-element_type=\"widget\" data-widget_type=\"text-editor.default\">\n\t\t\t\t<div class=\"elementor-widget-container\">\n\t\t\t\t\t\t\t<p>Passeig Esplanada d\u2019Espanya No. 2<br \/>03002 Alicante \/ Spanien<\/p><p>Telefon: +49 30 443 51 96 0<br \/>Telefax: +49 30 443 51 96 22<\/p><p>E-Mail: info@bestplace-spanien.com<\/p>\t\t\t\t\t\t<\/div>\n\t\t\t\t<\/div>\n\t\t\t\t<div class=\"elementor-element elementor-element-1869f17 elementor-widget elementor-widget-text-editor\" data-id=\"1869f17\" data-element_type=\"widget\" data-widget_type=\"text-editor.default\">\n\t\t\t\t<div class=\"elementor-widget-container\">\n\t\t\t\t\t\t\t<p><b>Gesch\u00e4ftsf\u00fchrung:<\/b><\/p><p>Danny Wolf, Gil Schlappal<\/p>\t\t\t\t\t\t<\/div>\n\t\t\t\t<\/div>\n\t\t\t\t<div class=\"elementor-element elementor-element-dd2694e elementor-widget elementor-widget-text-editor\" data-id=\"dd2694e\" data-element_type=\"widget\" data-widget_type=\"text-editor.default\">\n\t\t\t\t<div class=\"elementor-widget-container\">\n\t\t\t\t\t\t\t<p><strong><span dir=\"ltr\" role=\"presentation\">Disclaimer<\/span><\/strong><strong><span dir=\"ltr\" role=\"presentation\">:<\/span><\/strong><br \/>Diese Website dient der Information und stellt kein vertragliches Angebot dar. F\u00fcr die Richtigkeit und Vollst\u00e4ndigkeit wird keine Haftung \u00fcbernommen. Irrtum und \u00c4nderungen sind vorbehalten. Ma\u00dfgeblich f\u00fcr den Inhalt und Umfang einer Leistungsverpflichtung ist jeweils ausschlie\u00dflich der notariell geschlossene Vertrag mit den darin im Einzelnen vereinbarten konkreten Leistungspflichten, insbesondere der konkreten Bau- und Qualit\u00e4tsbeschreibung. Bilder und Zeichnungen dokumentieren im Detail nicht die endg\u00fcltige Ausf\u00fchrung und sind rechtlich nicht verbindlich. Alle Ma\u00dfe sind ca.-Angaben. Bei der dargestellten M\u00f6blierung handelt es sich lediglich um einen unverbindlichen M\u00f6blierungsvorschlag. Alle Grundrisse entsprechen dem aktuellen Stand der Planung und unterliegen laufenden Ver\u00e4nderungen in der Bearbeitung oder im Rahmen des Baugenehmigungsprozesses oder beh\u00f6rdlicher Anordnungen.<\/p>\t\t\t\t\t\t<\/div>\n\t\t\t\t<\/div>\n\t\t\t\t\t<\/div>\n\t\t<\/div>\n\t\t\t\t\t<\/div>\n\t\t<\/section>\n\t\t\t\t<\/div>\n\t\t","protected":false},"excerpt":{"rendered":"<p>IMPRESSUM Best Place Properties Spain S.L. Passeig Esplanada d\u2019Espanya No. 203002 Alicante \/ Spanien Telefon: +49 30 443 51 96 0Telefax: +49 30 443 51 96 22 E-Mail: info@bestplace-spanien.com Gesch\u00e4ftsf\u00fchrung: Danny Wolf, Gil Schlappal Disclaimer:Diese Website dient der Information und stellt kein vertragliches Angebot dar. F\u00fcr die Richtigkeit und Vollst\u00e4ndigkeit wird keine Haftung \u00fcbernommen. Irrtum [&hellip;]<\/p>\n","protected":false},"author":12,"featured_media":0,"parent":0,"menu_order":5,"comment_status":"closed","ping_status":"closed","template":"page-elementor.php","meta":{"_acf_changed":false,"footnotes":""},"class_list":["post-35790","page","type-page","status-publish","hentry"],"acf":[],"yoast_head":"<!-- This site is optimized with the Yoast SEO plugin v23.6 - https:\/\/yoast.com\/wordpress\/plugins\/seo\/ -->\n<title>Impressum - Best Place Immobilien<\/title>\n<meta name=\"robots\" content=\"index, follow, max-snippet:-1, max-image-preview:large, max-video-preview:-1\" \/>\n<link rel=\"canonical\" href=\"https:\/\/www.bestplace-immobilien.de\/es\/wp-json\/wp\/v2\/pages\/35790\" \/>\n<meta property=\"og:locale\" content=\"es_ES\" \/>\n<meta property=\"og:type\" content=\"article\" \/>\n<meta property=\"og:title\" content=\"Impressum - Best Place Immobilien\" \/>\n<meta property=\"og:description\" content=\"IMPRESSUM Best Place Properties Spain S.L. Passeig Esplanada d\u2019Espanya No. 203002 Alicante \/ Spanien Telefon: +49 30 443 51 96 0Telefax: +49 30 443 51 96 22 E-Mail: info@bestplace-spanien.com Gesch\u00e4ftsf\u00fchrung: Danny Wolf, Gil Schlappal Disclaimer:Diese Website dient der Information und stellt kein vertragliches Angebot dar. F\u00fcr die Richtigkeit und Vollst\u00e4ndigkeit wird keine Haftung \u00fcbernommen. Irrtum [&hellip;]\" \/>\n<meta property=\"og:url\" content=\"https:\/\/www.bestplace-spanien.com\/es\/impressum\" \/>\n<meta property=\"og:site_name\" content=\"Best Place Immobilien\" \/>\n<meta property=\"article:modified_time\" content=\"2023-11-02T16:26:49+00:00\" \/>\n<meta name=\"twitter:card\" content=\"summary_large_image\" \/>\n<meta name=\"twitter:label1\" content=\"Est. reading time\" \/>\n\t<meta name=\"twitter:data1\" content=\"1 minuto\" \/>\n<script type=\"application\/ld+json\" class=\"yoast-schema-graph\">{\"@context\":\"https:\/\/schema.org\",\"@graph\":[{\"@type\":\"WebPage\",\"@id\":\"https:\/\/www.bestplace-spanien.com\/es\/impressum\",\"url\":\"https:\/\/www.bestplace-spanien.com\/es\/impressum\",\"name\":\"Impressum - Best Place Immobilien\",\"isPartOf\":{\"@id\":\"https:\/\/www.bestplace-spanien.com\/es#website\"},\"datePublished\":\"2022-04-27T13:33:47+00:00\",\"dateModified\":\"2023-11-02T16:26:49+00:00\",\"breadcrumb\":{\"@id\":\"https:\/\/www.bestplace-spanien.com\/es\/impressum#breadcrumb\"},\"inLanguage\":\"es\",\"potentialAction\":[{\"@type\":\"ReadAction\",\"target\":[\"https:\/\/www.bestplace-spanien.com\/es\/impressum\"]}]},{\"@type\":\"BreadcrumbList\",\"@id\":\"https:\/\/www.bestplace-spanien.com\/es\/impressum#breadcrumb\",\"itemListElement\":[{\"@type\":\"ListItem\",\"position\":1,\"name\":\"Startseite\",\"item\":\"https:\/\/www.bestplace-spanien.com\/es\"},{\"@type\":\"ListItem\",\"position\":2,\"name\":\"Impressum\"}]},{\"@type\":\"WebSite\",\"@id\":\"https:\/\/www.bestplace-spanien.com\/es#website\",\"url\":\"https:\/\/www.bestplace-spanien.com\/es\",\"name\":\"Best Place Immobilien\",\"description\":\"\",\"potentialAction\":[{\"@type\":\"SearchAction\",\"target\":{\"@type\":\"EntryPoint\",\"urlTemplate\":\"https:\/\/www.bestplace-spanien.com\/es?s={search_term_string}\"},\"query-input\":{\"@type\":\"PropertyValueSpecification\",\"valueRequired\":true,\"valueName\":\"search_term_string\"}}],\"inLanguage\":\"es\"}]}<\/script>\n<!-- \/ Yoast SEO plugin. -->","yoast_head_json":{"title":"Impressum - Best Place Immobilien","robots":{"index":"index","follow":"follow","max-snippet":"max-snippet:-1","max-image-preview":"max-image-preview:large","max-video-preview":"max-video-preview:-1"},"canonical":"https:\/\/www.bestplace-immobilien.de\/es\/wp-json\/wp\/v2\/pages\/35790","og_locale":"es_ES","og_type":"article","og_title":"Impressum - Best Place Immobilien","og_description":"IMPRESSUM Best Place Properties Spain S.L. Passeig Esplanada d\u2019Espanya No. 203002 Alicante \/ Spanien Telefon: +49 30 443 51 96 0Telefax: +49 30 443 51 96 22 E-Mail: info@bestplace-spanien.com Gesch\u00e4ftsf\u00fchrung: Danny Wolf, Gil Schlappal Disclaimer:Diese Website dient der Information und stellt kein vertragliches Angebot dar. F\u00fcr die Richtigkeit und Vollst\u00e4ndigkeit wird keine Haftung \u00fcbernommen. Irrtum [&hellip;]","og_url":"https:\/\/www.bestplace-spanien.com\/es\/impressum","og_site_name":"Best Place Immobilien","article_modified_time":"2023-11-02T16:26:49+00:00","twitter_card":"summary_large_image","twitter_misc":{"Est. reading time":"1 minuto"},"schema":{"@context":"https:\/\/schema.org","@graph":[{"@type":"WebPage","@id":"https:\/\/www.bestplace-spanien.com\/es\/impressum","url":"https:\/\/www.bestplace-spanien.com\/es\/impressum","name":"Impressum - Best Place Immobilien","isPartOf":{"@id":"https:\/\/www.bestplace-spanien.com\/es#website"},"datePublished":"2022-04-27T13:33:47+00:00","dateModified":"2023-11-02T16:26:49+00:00","breadcrumb":{"@id":"https:\/\/www.bestplace-spanien.com\/es\/impressum#breadcrumb"},"inLanguage":"es","potentialAction":[{"@type":"ReadAction","target":["https:\/\/www.bestplace-spanien.com\/es\/impressum"]}]},{"@type":"BreadcrumbList","@id":"https:\/\/www.bestplace-spanien.com\/es\/impressum#breadcrumb","itemListElement":[{"@type":"ListItem","position":1,"name":"Startseite","item":"https:\/\/www.bestplace-spanien.com\/es"},{"@type":"ListItem","position":2,"name":"Impressum"}]},{"@type":"WebSite","@id":"https:\/\/www.bestplace-spanien.com\/es#website","url":"https:\/\/www.bestplace-spanien.com\/es","name":"Best Place Immobilien","description":"","potentialAction":[{"@type":"SearchAction","target":{"@type":"EntryPoint","urlTemplate":"https:\/\/www.bestplace-spanien.com\/es?s={search_term_string}"},"query-input":{"@type":"PropertyValueSpecification","valueRequired":true,"valueName":"search_term_string"}}],"inLanguage":"es"}]}},"_links":{"self":[{"href":"https:\/\/www.bestplace-spanien.com\/es\/wp-json\/wp\/v2\/pages\/35790"}],"collection":[{"href":"https:\/\/www.bestplace-spanien.com\/es\/wp-json\/wp\/v2\/pages"}],"about":[{"href":"https:\/\/www.bestplace-spanien.com\/es\/wp-json\/wp\/v2\/types\/page"}],"author":[{"embeddable":true,"href":"https:\/\/www.bestplace-spanien.com\/es\/wp-json\/wp\/v2\/users\/12"}],"replies":[{"embeddable":true,"href":"https:\/\/www.bestplace-spanien.com\/es\/wp-json\/wp\/v2\/comments?post=35790"}],"version-history":[{"count":6,"href":"https:\/\/www.bestplace-spanien.com\/es\/wp-json\/wp\/v2\/pages\/35790\/revisions"}],"predecessor-version":[{"id":35922,"href":"https:\/\/www.bestplace-spanien.com\/es\/wp-json\/wp\/v2\/pages\/35790\/revisions\/35922"}],"wp:attachment":[{"href":"https:\/\/www.bestplace-spanien.com\/es\/wp-json\/wp\/v2\/media?parent=35790"}],"curies":[{"name":"wp","href":"https:\/\/api.w.org\/{rel}","templated":true}]}}