{"id":35789,"date":"2022-04-27T15:33:47","date_gmt":"2022-04-27T13:33:47","guid":{"rendered":"https:\/\/p-kbkup1.project.space\/impressum"},"modified":"2023-11-03T13:47:18","modified_gmt":"2023-11-03T12:47:18","slug":"impressum","status":"publish","type":"page","link":"https:\/\/www.bestplace-spanien.com\/pl\/impressum","title":{"rendered":"Impressum"},"content":{"rendered":"\t\t<div data-elementor-type=\"wp-page\" data-elementor-id=\"35789\" class=\"elementor elementor-35789 elementor-17892\" data-elementor-post-type=\"page\">\n\t\t\t\t\t\t<section class=\"elementor-section elementor-top-section elementor-element elementor-element-52a35d0 elementor-section-height-min-height elementor-section-boxed elementor-section-height-default elementor-section-items-middle\" data-id=\"52a35d0\" data-element_type=\"section\" data-settings=\"{&quot;background_background&quot;:&quot;classic&quot;}\">\n\t\t\t\t\t\t<div class=\"elementor-container elementor-column-gap-default\">\n\t\t\t\t\t<div class=\"elementor-column elementor-col-100 elementor-top-column elementor-element elementor-element-1847134\" data-id=\"1847134\" data-element_type=\"column\">\n\t\t\t<div class=\"elementor-widget-wrap elementor-element-populated\">\n\t\t\t\t\t\t<div class=\"elementor-element elementor-element-1dd7e28 elementor-widget elementor-widget-heading\" data-id=\"1dd7e28\" data-element_type=\"widget\" data-widget_type=\"heading.default\">\n\t\t\t\t<div class=\"elementor-widget-container\">\n\t\t\t<h1 class=\"elementor-heading-title elementor-size-default\">INFORMACJA PRAWNA<\/h1>\t\t<\/div>\n\t\t\t\t<\/div>\n\t\t\t\t\t<\/div>\n\t\t<\/div>\n\t\t\t\t\t<\/div>\n\t\t<\/section>\n\t\t\t\t<section class=\"elementor-section elementor-top-section elementor-element elementor-element-37ef07d elementor-section-boxed elementor-section-height-default elementor-section-height-default\" data-id=\"37ef07d\" data-element_type=\"section\">\n\t\t\t\t\t\t<div class=\"elementor-container elementor-column-gap-default\">\n\t\t\t\t\t<div class=\"elementor-column elementor-col-100 elementor-top-column elementor-element elementor-element-d6250e7\" data-id=\"d6250e7\" data-element_type=\"column\">\n\t\t\t<div class=\"elementor-widget-wrap\">\n\t\t\t\t\t\t\t<\/div>\n\t\t<\/div>\n\t\t\t\t\t<\/div>\n\t\t<\/section>\n\t\t\t\t<section class=\"elementor-section elementor-top-section elementor-element elementor-element-383626d elementor-section-boxed elementor-section-height-default elementor-section-height-default\" data-id=\"383626d\" data-element_type=\"section\">\n\t\t\t\t\t\t<div class=\"elementor-container elementor-column-gap-default\">\n\t\t\t\t\t<div class=\"elementor-column elementor-col-100 elementor-top-column elementor-element elementor-element-1b08e75\" data-id=\"1b08e75\" data-element_type=\"column\">\n\t\t\t<div class=\"elementor-widget-wrap elementor-element-populated\">\n\t\t\t\t\t\t<div class=\"elementor-element elementor-element-3b2a3ed elementor-widget elementor-widget-heading\" data-id=\"3b2a3ed\" data-element_type=\"widget\" data-widget_type=\"heading.default\">\n\t\t\t\t<div class=\"elementor-widget-container\">\n\t\t\t<h2 class=\"elementor-heading-title elementor-size-default\">Best Place Properties Spain S.L.<\/h2>\t\t<\/div>\n\t\t\t\t<\/div>\n\t\t\t\t<div class=\"elementor-element elementor-element-5296f01 elementor-widget elementor-widget-text-editor\" data-id=\"5296f01\" data-element_type=\"widget\" data-widget_type=\"text-editor.default\">\n\t\t\t\t<div class=\"elementor-widget-container\">\n\t\t\t\t\t\t\t<p>Passeig Esplanada d\u2019Espanya No. 2<br \/>03002 Alicante \/ Hiszpania<\/p><p>Telefon: +49 30 443 51 96 0<br \/>Telefaks: +49 30 443 51 96 22<\/p><p>e-mail: info@bestplace-spanien.com<\/p>\t\t\t\t\t\t<\/div>\n\t\t\t\t<\/div>\n\t\t\t\t<div class=\"elementor-element elementor-element-1869f17 elementor-widget elementor-widget-text-editor\" data-id=\"1869f17\" data-element_type=\"widget\" data-widget_type=\"text-editor.default\">\n\t\t\t\t<div class=\"elementor-widget-container\">\n\t\t\t\t\t\t\t<p><b>Zarz\u0105dzanie:<\/b><\/p><p>Danny Wolf, Gil Schlappal<\/p>\t\t\t\t\t\t<\/div>\n\t\t\t\t<\/div>\n\t\t\t\t<div class=\"elementor-element elementor-element-dd2694e elementor-widget elementor-widget-text-editor\" data-id=\"dd2694e\" data-element_type=\"widget\" data-widget_type=\"text-editor.default\">\n\t\t\t\t<div class=\"elementor-widget-container\">\n\t\t\t\t\t\t\t<p><strong><span dir=\"ltr\" role=\"presentation\">Disclaimer<\/span><\/strong><strong><span dir=\"ltr\" role=\"presentation\">:<\/span><\/strong><br \/>Niniejsza strona internetowa s\u0142u\u017cy wy\u0142\u0105cznie celom informacyjnym i nie stanowi oferty umownej. Nie ponosimy odpowiedzialno\u015bci za dok\u0142adno\u015b\u0107 i kompletno\u015b\u0107 dostarczonych informacji. B\u0142\u0119dy i zmiany s\u0105 zastrze\u017cone. Tre\u015b\u0107 i zakres zobowi\u0105zania do wykonania \u015bwiadczenia okre\u015bla wy\u0142\u0105cznie umowa po\u015bwiadczona notarialnie wraz z uzgodnionymi w niej konkretnymi zobowi\u0105zaniami do wykonania \u015bwiadczenia, w szczeg\u00f3lno\u015bci konkretnym opisem konstrukcji i jako\u015bci. Zdj\u0119cia i rysunki nie dokumentuj\u0105 szczeg\u00f3\u0142owo ostatecznego wykonania i nie s\u0105 prawnie wi\u0105\u017c\u0105ce. Wszystkie wymiary s\u0105 przybli\u017cone. Przedstawione umeblowanie stanowi jedynie niewi\u0105\u017c\u0105c\u0105 propozycj\u0119 umeblowania. Wszystkie plany pi\u0119ter odpowiadaj\u0105 aktualnemu stanowi planowania i mog\u0105 podlega\u0107 ci\u0105g\u0142ym zmianom podczas przetwarzania lub w ramach procesu wydawania pozwole\u0144 na budow\u0119 lub oficjalnych zam\u00f3wie\u0144.<\/p>\t\t\t\t\t\t<\/div>\n\t\t\t\t<\/div>\n\t\t\t\t\t<\/div>\n\t\t<\/div>\n\t\t\t\t\t<\/div>\n\t\t<\/section>\n\t\t\t\t<\/div>\n\t\t","protected":false},"excerpt":{"rendered":"<p>INFORMACJA PRAWNA Best Place Properties Spain S.L. Passeig Esplanada d\u2019Espanya No. 203002 Alicante \/ Hiszpania Telefon: +49 30 443 51 96 0Telefaks: +49 30 443 51 96 22 e-mail: info@bestplace-spanien.com Zarz\u0105dzanie: Danny Wolf, Gil Schlappal Disclaimer:Niniejsza strona internetowa s\u0142u\u017cy wy\u0142\u0105cznie celom informacyjnym i nie stanowi oferty umownej. Nie ponosimy odpowiedzialno\u015bci za dok\u0142adno\u015b\u0107 i kompletno\u015b\u0107 dostarczonych [&hellip;]<\/p>\n","protected":false},"author":12,"featured_media":0,"parent":0,"menu_order":5,"comment_status":"closed","ping_status":"closed","template":"page-elementor.php","meta":{"_acf_changed":false,"footnotes":""},"class_list":["post-35789","page","type-page","status-publish","hentry"],"acf":[],"yoast_head":"<!-- This site is optimized with the Yoast SEO plugin v23.6 - https:\/\/yoast.com\/wordpress\/plugins\/seo\/ -->\n<title>Impressum - Best Place Immobilien<\/title>\n<meta name=\"robots\" content=\"index, follow, max-snippet:-1, max-image-preview:large, max-video-preview:-1\" \/>\n<link rel=\"canonical\" href=\"https:\/\/www.bestplace-immobilien.de\/pl\/wp-json\/wp\/v2\/pages\/35789\" \/>\n<meta property=\"og:locale\" content=\"pl_PL\" \/>\n<meta property=\"og:type\" content=\"article\" \/>\n<meta property=\"og:title\" content=\"Impressum - Best Place Immobilien\" \/>\n<meta property=\"og:description\" content=\"INFORMACJA PRAWNA Best Place Properties Spain S.L. Passeig Esplanada d\u2019Espanya No. 203002 Alicante \/ Hiszpania Telefon: +49 30 443 51 96 0Telefaks: +49 30 443 51 96 22 e-mail: info@bestplace-spanien.com Zarz\u0105dzanie: Danny Wolf, Gil Schlappal Disclaimer:Niniejsza strona internetowa s\u0142u\u017cy wy\u0142\u0105cznie celom informacyjnym i nie stanowi oferty umownej. Nie ponosimy odpowiedzialno\u015bci za dok\u0142adno\u015b\u0107 i kompletno\u015b\u0107 dostarczonych [&hellip;]\" \/>\n<meta property=\"og:url\" content=\"https:\/\/www.bestplace-spanien.com\/pl\/impressum\" \/>\n<meta property=\"og:site_name\" content=\"Best Place Immobilien\" \/>\n<meta property=\"article:modified_time\" content=\"2023-11-03T12:47:18+00:00\" \/>\n<meta name=\"twitter:card\" content=\"summary_large_image\" \/>\n<meta name=\"twitter:label1\" content=\"Est. reading time\" \/>\n\t<meta name=\"twitter:data1\" content=\"1 minuta\" \/>\n<script type=\"application\/ld+json\" class=\"yoast-schema-graph\">{\"@context\":\"https:\/\/schema.org\",\"@graph\":[{\"@type\":\"WebPage\",\"@id\":\"https:\/\/www.bestplace-spanien.com\/pl\/impressum\",\"url\":\"https:\/\/www.bestplace-spanien.com\/pl\/impressum\",\"name\":\"Impressum - Best Place Immobilien\",\"isPartOf\":{\"@id\":\"https:\/\/www.bestplace-spanien.com\/pl#website\"},\"datePublished\":\"2022-04-27T13:33:47+00:00\",\"dateModified\":\"2023-11-03T12:47:18+00:00\",\"breadcrumb\":{\"@id\":\"https:\/\/www.bestplace-spanien.com\/pl\/impressum#breadcrumb\"},\"inLanguage\":\"pl-PL\",\"potentialAction\":[{\"@type\":\"ReadAction\",\"target\":[\"https:\/\/www.bestplace-spanien.com\/pl\/impressum\"]}]},{\"@type\":\"BreadcrumbList\",\"@id\":\"https:\/\/www.bestplace-spanien.com\/pl\/impressum#breadcrumb\",\"itemListElement\":[{\"@type\":\"ListItem\",\"position\":1,\"name\":\"Startseite\",\"item\":\"https:\/\/www.bestplace-spanien.com\/pl\"},{\"@type\":\"ListItem\",\"position\":2,\"name\":\"Impressum\"}]},{\"@type\":\"WebSite\",\"@id\":\"https:\/\/www.bestplace-spanien.com\/pl#website\",\"url\":\"https:\/\/www.bestplace-spanien.com\/pl\",\"name\":\"Best Place Immobilien\",\"description\":\"\",\"potentialAction\":[{\"@type\":\"SearchAction\",\"target\":{\"@type\":\"EntryPoint\",\"urlTemplate\":\"https:\/\/www.bestplace-spanien.com\/pl?s={search_term_string}\"},\"query-input\":{\"@type\":\"PropertyValueSpecification\",\"valueRequired\":true,\"valueName\":\"search_term_string\"}}],\"inLanguage\":\"pl-PL\"}]}<\/script>\n<!-- \/ Yoast SEO plugin. -->","yoast_head_json":{"title":"Impressum - Best Place Immobilien","robots":{"index":"index","follow":"follow","max-snippet":"max-snippet:-1","max-image-preview":"max-image-preview:large","max-video-preview":"max-video-preview:-1"},"canonical":"https:\/\/www.bestplace-immobilien.de\/pl\/wp-json\/wp\/v2\/pages\/35789","og_locale":"pl_PL","og_type":"article","og_title":"Impressum - Best Place Immobilien","og_description":"INFORMACJA PRAWNA Best Place Properties Spain S.L. Passeig Esplanada d\u2019Espanya No. 203002 Alicante \/ Hiszpania Telefon: +49 30 443 51 96 0Telefaks: +49 30 443 51 96 22 e-mail: info@bestplace-spanien.com Zarz\u0105dzanie: Danny Wolf, Gil Schlappal Disclaimer:Niniejsza strona internetowa s\u0142u\u017cy wy\u0142\u0105cznie celom informacyjnym i nie stanowi oferty umownej. Nie ponosimy odpowiedzialno\u015bci za dok\u0142adno\u015b\u0107 i kompletno\u015b\u0107 dostarczonych [&hellip;]","og_url":"https:\/\/www.bestplace-spanien.com\/pl\/impressum","og_site_name":"Best Place Immobilien","article_modified_time":"2023-11-03T12:47:18+00:00","twitter_card":"summary_large_image","twitter_misc":{"Est. reading time":"1 minuta"},"schema":{"@context":"https:\/\/schema.org","@graph":[{"@type":"WebPage","@id":"https:\/\/www.bestplace-spanien.com\/pl\/impressum","url":"https:\/\/www.bestplace-spanien.com\/pl\/impressum","name":"Impressum - Best Place Immobilien","isPartOf":{"@id":"https:\/\/www.bestplace-spanien.com\/pl#website"},"datePublished":"2022-04-27T13:33:47+00:00","dateModified":"2023-11-03T12:47:18+00:00","breadcrumb":{"@id":"https:\/\/www.bestplace-spanien.com\/pl\/impressum#breadcrumb"},"inLanguage":"pl-PL","potentialAction":[{"@type":"ReadAction","target":["https:\/\/www.bestplace-spanien.com\/pl\/impressum"]}]},{"@type":"BreadcrumbList","@id":"https:\/\/www.bestplace-spanien.com\/pl\/impressum#breadcrumb","itemListElement":[{"@type":"ListItem","position":1,"name":"Startseite","item":"https:\/\/www.bestplace-spanien.com\/pl"},{"@type":"ListItem","position":2,"name":"Impressum"}]},{"@type":"WebSite","@id":"https:\/\/www.bestplace-spanien.com\/pl#website","url":"https:\/\/www.bestplace-spanien.com\/pl","name":"Best Place Immobilien","description":"","potentialAction":[{"@type":"SearchAction","target":{"@type":"EntryPoint","urlTemplate":"https:\/\/www.bestplace-spanien.com\/pl?s={search_term_string}"},"query-input":{"@type":"PropertyValueSpecification","valueRequired":true,"valueName":"search_term_string"}}],"inLanguage":"pl-PL"}]}},"_links":{"self":[{"href":"https:\/\/www.bestplace-spanien.com\/pl\/wp-json\/wp\/v2\/pages\/35789"}],"collection":[{"href":"https:\/\/www.bestplace-spanien.com\/pl\/wp-json\/wp\/v2\/pages"}],"about":[{"href":"https:\/\/www.bestplace-spanien.com\/pl\/wp-json\/wp\/v2\/types\/page"}],"author":[{"embeddable":true,"href":"https:\/\/www.bestplace-spanien.com\/pl\/wp-json\/wp\/v2\/users\/12"}],"replies":[{"embeddable":true,"href":"https:\/\/www.bestplace-spanien.com\/pl\/wp-json\/wp\/v2\/comments?post=35789"}],"version-history":[{"count":6,"href":"https:\/\/www.bestplace-spanien.com\/pl\/wp-json\/wp\/v2\/pages\/35789\/revisions"}],"predecessor-version":[{"id":36027,"href":"https:\/\/www.bestplace-spanien.com\/pl\/wp-json\/wp\/v2\/pages\/35789\/revisions\/36027"}],"wp:attachment":[{"href":"https:\/\/www.bestplace-spanien.com\/pl\/wp-json\/wp\/v2\/media?parent=35789"}],"curies":[{"name":"wp","href":"https:\/\/api.w.org\/{rel}","templated":true}]}}