{"id":35794,"date":"2022-05-31T11:57:15","date_gmt":"2022-05-31T09:57:15","guid":{"rendered":"https:\/\/p-kbkup1.project.space\/kontakt"},"modified":"2023-11-07T16:03:04","modified_gmt":"2023-11-07T15:03:04","slug":"kontakt","status":"publish","type":"page","link":"https:\/\/www.bestplace-spanien.com\/pl\/kontakt","title":{"rendered":"Kontakt z nami"},"content":{"rendered":"\t\t<div data-elementor-type=\"wp-page\" data-elementor-id=\"35794\" class=\"elementor elementor-35794 elementor-17973\" data-elementor-post-type=\"page\">\n\t\t\t\t\t\t<section class=\"elementor-section elementor-top-section elementor-element elementor-element-d30a20c elementor-section-height-min-height elementor-section-boxed elementor-section-height-default elementor-section-items-middle\" data-id=\"d30a20c\" data-element_type=\"section\" data-settings=\"{&quot;background_background&quot;:&quot;classic&quot;}\">\n\t\t\t\t\t\t<div class=\"elementor-container elementor-column-gap-default\">\n\t\t\t\t\t<div class=\"elementor-column elementor-col-100 elementor-top-column elementor-element elementor-element-994afd7\" data-id=\"994afd7\" data-element_type=\"column\">\n\t\t\t<div class=\"elementor-widget-wrap elementor-element-populated\">\n\t\t\t\t\t\t<div class=\"elementor-element elementor-element-14694c7 elementor-widget elementor-widget-heading\" data-id=\"14694c7\" data-element_type=\"widget\" data-widget_type=\"heading.default\">\n\t\t\t\t<div class=\"elementor-widget-container\">\n\t\t\t<h1 class=\"elementor-heading-title elementor-size-default\">Kontakt z nami<\/h1>\t\t<\/div>\n\t\t\t\t<\/div>\n\t\t\t\t\t<\/div>\n\t\t<\/div>\n\t\t\t\t\t<\/div>\n\t\t<\/section>\n\t\t\t\t<section class=\"elementor-section elementor-top-section elementor-element elementor-element-d497c81 elementor-section-boxed elementor-section-height-default elementor-section-height-default\" data-id=\"d497c81\" data-element_type=\"section\">\n\t\t\t\t\t\t<div class=\"elementor-container elementor-column-gap-default\">\n\t\t\t\t\t<div class=\"elementor-column elementor-col-100 elementor-top-column elementor-element elementor-element-3c5c7dd\" data-id=\"3c5c7dd\" data-element_type=\"column\">\n\t\t\t<div class=\"elementor-widget-wrap elementor-element-populated\">\n\t\t\t\t\t\t<div class=\"elementor-element elementor-element-902302f elementor-widget elementor-widget-heading\" data-id=\"902302f\" data-element_type=\"widget\" data-widget_type=\"heading.default\">\n\t\t\t\t<div class=\"elementor-widget-container\">\n\t\t\t<h2 class=\"elementor-heading-title elementor-size-default\">Witamy w BEST PLACE!<\/h2>\t\t<\/div>\n\t\t\t\t<\/div>\n\t\t\t\t<div class=\"elementor-element elementor-element-60c09ff elementor-widget elementor-widget-heading\" data-id=\"60c09ff\" data-element_type=\"widget\" data-widget_type=\"heading.default\">\n\t\t\t\t<div class=\"elementor-widget-container\">\n\t\t\t<h4 class=\"elementor-heading-title elementor-size-default\">Czekamy na wiadomo\u015b\u0107 od Ciebie.<\/h4>\t\t<\/div>\n\t\t\t\t<\/div>\n\t\t\t\t\t<\/div>\n\t\t<\/div>\n\t\t\t\t\t<\/div>\n\t\t<\/section>\n\t\t\t\t<section class=\"elementor-section elementor-top-section elementor-element elementor-element-265e9144 section-2tile-highlights elementor-section-boxed elementor-section-height-default elementor-section-height-default\" data-id=\"265e9144\" data-element_type=\"section\" id=\"highlights\" data-settings=\"{&quot;background_background&quot;:&quot;classic&quot;}\">\n\t\t\t\t\t\t<div class=\"elementor-container elementor-column-gap-default\">\n\t\t\t\t\t<div class=\"elementor-column elementor-col-50 elementor-top-column elementor-element elementor-element-15f03e57 test\" data-id=\"15f03e57\" data-element_type=\"column\" data-settings=\"{&quot;background_background&quot;:&quot;classic&quot;}\">\n\t\t\t<div class=\"elementor-widget-wrap elementor-element-populated\">\n\t\t\t\t\t\t<section class=\"elementor-section elementor-inner-section elementor-element elementor-element-98b9bc8 test elementor-section-boxed elementor-section-height-default elementor-section-height-default\" data-id=\"98b9bc8\" data-element_type=\"section\" data-settings=\"{&quot;background_background&quot;:&quot;classic&quot;}\">\n\t\t\t\t\t\t<div class=\"elementor-container elementor-column-gap-default\">\n\t\t\t\t\t<div class=\"elementor-column elementor-col-100 elementor-inner-column elementor-element elementor-element-1869309f\" data-id=\"1869309f\" data-element_type=\"column\" data-settings=\"{&quot;background_background&quot;:&quot;classic&quot;}\">\n\t\t\t<div class=\"elementor-widget-wrap elementor-element-populated\">\n\t\t\t\t\t\t<div class=\"elementor-element elementor-element-2fab6f4 elementor-widget elementor-widget-text-editor\" data-id=\"2fab6f4\" data-element_type=\"widget\" data-widget_type=\"text-editor.default\">\n\t\t\t\t<div class=\"elementor-widget-container\">\n\t\t\t\t\t\t\t<p><strong>BEST PLACE<\/strong><br \/>Passeig Esplanada d&#8217;Espanya No.2<br \/>03002 Alicante \/ Hiszpania<\/p>\t\t\t\t\t\t<\/div>\n\t\t\t\t<\/div>\n\t\t\t\t<div class=\"elementor-element elementor-element-06c1990 elementor-icon-list--layout-traditional elementor-list-item-link-full_width elementor-widget elementor-widget-icon-list\" data-id=\"06c1990\" data-element_type=\"widget\" data-widget_type=\"icon-list.default\">\n\t\t\t\t<div class=\"elementor-widget-container\">\n\t\t\t\t\t<ul class=\"elementor-icon-list-items\">\n\t\t\t\t\t\t\t<li class=\"elementor-icon-list-item\">\n\t\t\t\t\t\t\t\t\t\t\t<span class=\"elementor-icon-list-icon\">\n\t\t\t\t\t\t\t<i aria-hidden=\"true\" class=\"fas fa-phone-alt\"><\/i>\t\t\t\t\t\t<\/span>\n\t\t\t\t\t\t\t\t\t\t<span class=\"elementor-icon-list-text\">(+49) 30 443519 60<\/span>\n\t\t\t\t\t\t\t\t\t<\/li>\n\t\t\t\t\t\t\t\t<li class=\"elementor-icon-list-item\">\n\t\t\t\t\t\t\t\t\t\t\t<span class=\"elementor-icon-list-icon\">\n\t\t\t\t\t\t\t<i aria-hidden=\"true\" class=\"fas fa-fax\"><\/i>\t\t\t\t\t\t<\/span>\n\t\t\t\t\t\t\t\t\t\t<span class=\"elementor-icon-list-text\">(+49) 30 4435196 22<\/span>\n\t\t\t\t\t\t\t\t\t<\/li>\n\t\t\t\t\t\t\t\t<li class=\"elementor-icon-list-item\">\n\t\t\t\t\t\t\t\t\t\t\t<span class=\"elementor-icon-list-icon\">\n\t\t\t\t\t\t\t<i aria-hidden=\"true\" class=\"fas fa-at\"><\/i>\t\t\t\t\t\t<\/span>\n\t\t\t\t\t\t\t\t\t\t<span class=\"elementor-icon-list-text\">info@bestplace-spanien.com<\/span>\n\t\t\t\t\t\t\t\t\t<\/li>\n\t\t\t\t\t\t<\/ul>\n\t\t\t\t<\/div>\n\t\t\t\t<\/div>\n\t\t\t\t\t<\/div>\n\t\t<\/div>\n\t\t\t\t\t<\/div>\n\t\t<\/section>\n\t\t\t\t\t<\/div>\n\t\t<\/div>\n\t\t\t\t<div class=\"elementor-column elementor-col-50 elementor-top-column elementor-element elementor-element-2bae9af\" data-id=\"2bae9af\" data-element_type=\"column\">\n\t\t\t<div class=\"elementor-widget-wrap elementor-element-populated\">\n\t\t\t\t\t\t<section class=\"elementor-section elementor-inner-section elementor-element elementor-element-1212bf76 elementor-section-boxed elementor-section-height-default elementor-section-height-default\" data-id=\"1212bf76\" data-element_type=\"section\" data-settings=\"{&quot;background_background&quot;:&quot;classic&quot;}\">\n\t\t\t\t\t\t<div class=\"elementor-container elementor-column-gap-default\">\n\t\t\t\t\t<div class=\"elementor-column elementor-col-100 elementor-inner-column elementor-element elementor-element-4fc635f7\" data-id=\"4fc635f7\" data-element_type=\"column\">\n\t\t\t<div class=\"elementor-widget-wrap elementor-element-populated\">\n\t\t\t\t\t\t<div class=\"elementor-element elementor-element-fe7cd6f elementor-button-align-stretch elementor-widget elementor-widget-form\" data-id=\"fe7cd6f\" data-element_type=\"widget\" data-settings=\"{&quot;step_next_label&quot;:&quot;Next&quot;,&quot;step_previous_label&quot;:&quot;Previous&quot;,&quot;button_width&quot;:&quot;100&quot;,&quot;step_type&quot;:&quot;number_text&quot;,&quot;step_icon_shape&quot;:&quot;circle&quot;}\" data-widget_type=\"form.default\">\n\t\t\t\t<div class=\"elementor-widget-container\">\n\t\t\t\t\t<form class=\"elementor-form\" method=\"post\" name=\"New Form\">\n\t\t\t<input type=\"hidden\" name=\"post_id\" value=\"35794\"\/>\n\t\t\t<input type=\"hidden\" name=\"form_id\" value=\"fe7cd6f\"\/>\n\t\t\t<input type=\"hidden\" name=\"referer_title\" value=\"Best Place Immobilien\" \/>\n\n\t\t\t\n\t\t\t<div class=\"elementor-form-fields-wrapper elementor-labels-above\">\n\t\t\t\t\t\t\t\t<div class=\"elementor-field-type-select elementor-field-group elementor-column elementor-field-group-anrede elementor-col-50 elementor-field-required\">\n\t\t\t\t\t\t\t\t\t\t\t\t<label for=\"form-field-anrede\" class=\"elementor-field-label\">\n\t\t\t\t\t\t\t\tPozdrowienie\t\t\t\t\t\t\t<\/label>\n\t\t\t\t\t\t\t\t<div class=\"elementor-field elementor-select-wrapper remove-before \">\n\t\t\t<div class=\"select-caret-down-wrapper\">\n\t\t\t\t<i aria-hidden=\"true\" class=\"eicon-caret-down\"><\/i>\t\t\t<\/div>\n\t\t\t<select name=\"form_fields[anrede]\" id=\"form-field-anrede\" class=\"elementor-field-textual elementor-size-sm\" required=\"required\" aria-required=\"true\">\n\t\t\t\t\t\t\t\t\t<option value=\"\">Pozdrowienie*<\/option>\n\t\t\t\t\t\t\t\t\t<option value=\"Frau\">Pani.<\/option>\n\t\t\t\t\t\t\t\t\t<option value=\"Herr\">Pan.<\/option>\n\t\t\t\t\t\t\t<\/select>\n\t\t<\/div>\n\t\t\t\t\t\t<\/div>\n\t\t\t\t\t\t\t\t<div class=\"elementor-field-type-text elementor-field-group elementor-column elementor-field-group-titel elementor-col-50\">\n\t\t\t\t\t\t\t\t\t\t\t\t<label for=\"form-field-titel\" class=\"elementor-field-label\">\n\t\t\t\t\t\t\t\tTytu\u0142\t\t\t\t\t\t\t<\/label>\n\t\t\t\t\t\t\t\t\t\t\t\t\t\t<input size=\"1\" type=\"text\" name=\"form_fields[titel]\" id=\"form-field-titel\" class=\"elementor-field elementor-size-sm  elementor-field-textual\" placeholder=\"Tytu\u0142\">\n\t\t\t\t\t\t\t\t\t\t\t<\/div>\n\t\t\t\t\t\t\t\t<div class=\"elementor-field-type-text elementor-field-group elementor-column elementor-field-group-vorname elementor-col-50\">\n\t\t\t\t\t\t\t\t\t\t\t\t<label for=\"form-field-vorname\" class=\"elementor-field-label\">\n\t\t\t\t\t\t\t\tImi\u0119\t\t\t\t\t\t\t<\/label>\n\t\t\t\t\t\t\t\t\t\t\t\t\t\t<input size=\"1\" type=\"text\" name=\"form_fields[vorname]\" id=\"form-field-vorname\" class=\"elementor-field elementor-size-sm  elementor-field-textual\" placeholder=\"Imi\u0119\">\n\t\t\t\t\t\t\t\t\t\t\t<\/div>\n\t\t\t\t\t\t\t\t<div class=\"elementor-field-type-text elementor-field-group elementor-column elementor-field-group-nachname elementor-col-50\">\n\t\t\t\t\t\t\t\t\t\t\t\t<label for=\"form-field-nachname\" class=\"elementor-field-label\">\n\t\t\t\t\t\t\t\tNazwisko\t\t\t\t\t\t\t<\/label>\n\t\t\t\t\t\t\t\t\t\t\t\t\t\t<input size=\"1\" type=\"text\" name=\"form_fields[nachname]\" id=\"form-field-nachname\" class=\"elementor-field elementor-size-sm  elementor-field-textual\" placeholder=\"Nazwisko*\">\n\t\t\t\t\t\t\t\t\t\t\t<\/div>\n\t\t\t\t\t\t\t\t<div class=\"elementor-field-type-email elementor-field-group elementor-column elementor-field-group-email elementor-col-100\">\n\t\t\t\t\t\t\t\t\t\t\t\t<label for=\"form-field-email\" class=\"elementor-field-label\">\n\t\t\t\t\t\t\t\te-mail\t\t\t\t\t\t\t<\/label>\n\t\t\t\t\t\t\t\t\t\t\t\t\t\t<input size=\"1\" type=\"email\" name=\"form_fields[email]\" id=\"form-field-email\" class=\"elementor-field elementor-size-sm  elementor-field-textual\" placeholder=\"e-mail*\">\n\t\t\t\t\t\t\t\t\t\t\t<\/div>\n\t\t\t\t\t\t\t\t<div class=\"elementor-field-type-select elementor-field-group elementor-column elementor-field-group-anliegen elementor-col-100\">\n\t\t\t\t\t\t\t\t\t\t\t\t<label for=\"form-field-anliegen\" class=\"elementor-field-label\">\n\t\t\t\t\t\t\t\tTwoje zapytanie\t\t\t\t\t\t\t<\/label>\n\t\t\t\t\t\t\t\t<div class=\"elementor-field elementor-select-wrapper remove-before \">\n\t\t\t<div class=\"select-caret-down-wrapper\">\n\t\t\t\t<i aria-hidden=\"true\" class=\"eicon-caret-down\"><\/i>\t\t\t<\/div>\n\t\t\t<select name=\"form_fields[anliegen]\" id=\"form-field-anliegen\" class=\"elementor-field-textual elementor-size-sm\">\n\t\t\t\t\t\t\t\t\t<option value=\"\">Twoje zapytanie<\/option>\n\t\t\t\t\t\t\t\t\t<option value=\"Beratung zu einer Immobilie\">Porady dotycz\u0105ce nieruchomo\u015bci<\/option>\n\t\t\t\t\t\t\t\t\t<option value=\"Sonstiges\">Inne<\/option>\n\t\t\t\t\t\t\t<\/select>\n\t\t<\/div>\n\t\t\t\t\t\t<\/div>\n\t\t\t\t\t\t\t\t<div class=\"elementor-field-type-textarea elementor-field-group elementor-column elementor-field-group-textbereich elementor-col-100\">\n\t\t\t\t\t<textarea class=\"elementor-field-textual elementor-field  elementor-size-sm\" name=\"form_fields[textbereich]\" id=\"form-field-textbereich\" rows=\"4\" placeholder=\"Twoja wiadomo\u015b\u0107 do nas\"><\/textarea>\t\t\t\t<\/div>\n\t\t\t\t\t\t\t\t<div class=\"elementor-field-type-acceptance elementor-field-group elementor-column elementor-field-group-checkboxnewsletter elementor-col-100\">\n\t\t\t\t\t\t\t<div class=\"elementor-field-subgroup\">\n\t\t\t<span class=\"elementor-field-option\">\n\t\t\t\t<input type=\"checkbox\" name=\"form_fields[checkboxnewsletter]\" id=\"form-field-checkboxnewsletter\" class=\"elementor-field elementor-size-sm  elementor-acceptance-field\">\n\t\t\t\t<label for=\"form-field-checkboxnewsletter\"><span style=\"\nfont-size:11px!important; \nline-height:11px!important;\n\">Wyra\u017cam zgod\u0119, aby Best Place Immobilien GmbH & Co. KG mo\u017ce wykorzystywa\u0107 wprowadzone przeze mnie dane kontaktowe w celu zwracania mojej uwagi na kolejne projekty dotycz\u0105ce nieruchomo\u015bci za po\u015brednictwem newslettera.<\/span><\/label>\t\t\t<\/span>\n\t\t<\/div>\n\t\t\t\t\t\t<\/div>\n\t\t\t\t\t\t\t\t<div class=\"elementor-field-type-html elementor-field-group elementor-column elementor-field-group-field_104d1a5 elementor-col-100\">\n\t\t\t\t\tW ka\u017cdej chwili mog\u0119 odwo\u0142a\u0107 swoj\u0105 zgod\u0119 (zgody), wysy\u0142aj\u0105c prost\u0105 wiadomo\u015b\u0107 do Best Place Immobilien GmbH & Co. KG, np. poczt\u0105 elektroniczn\u0105 na adres info@bestplace-immobilien.de. Odpowiednie informacje dotycz\u0105ce ochrony danych mo\u017cna znale\u017a\u0107 tutaj. \t\t\t\t<\/div>\n\t\t\t\t\t\t\t\t<div class=\"elementor-field-type-hidden elementor-field-group elementor-column elementor-field-group-objectid elementor-col-100\">\n\t\t\t\t\t\t\t\t\t\t\t\t\t<input size=\"1\" type=\"hidden\" name=\"form_fields[objectid]\" id=\"form-field-objectid\" class=\"elementor-field elementor-size-sm  elementor-field-textual\" value=\"ALI-WE00\">\n\t\t\t\t\t\t\t\t\t\t\t<\/div>\n\t\t\t\t\t\t\t\t<div class=\"elementor-field-group elementor-column elementor-field-type-submit elementor-col-100 e-form__buttons\">\n\t\t\t\t\t<button class=\"elementor-button elementor-size-sm\" type=\"submit\">\n\t\t\t\t\t\t<span class=\"elementor-button-content-wrapper\">\n\t\t\t\t\t\t\t\t\t\t\t\t\t\t\t\t\t\t\t\t\t\t<span class=\"elementor-button-text\">WY\u015aLIJ WIADOMO\u015a\u0106<\/span>\n\t\t\t\t\t\t\t\t\t\t\t\t\t<\/span>\n\t\t\t\t\t<\/button>\n\t\t\t\t<\/div>\n\t\t\t<\/div>\n\t\t<\/form>\n\t\t\t\t<\/div>\n\t\t\t\t<\/div>\n\t\t\t\t\t<\/div>\n\t\t<\/div>\n\t\t\t\t\t<\/div>\n\t\t<\/section>\n\t\t\t\t\t<\/div>\n\t\t<\/div>\n\t\t\t\t\t<\/div>\n\t\t<\/section>\n\t\t\t\t<\/div>\n\t\t","protected":false},"excerpt":{"rendered":"<p>Kontakt z nami Witamy w BEST PLACE! Czekamy na wiadomo\u015b\u0107 od Ciebie. BEST PLACEPasseig Esplanada d&#8217;Espanya No.203002 Alicante \/ Hiszpania (+49) 30 443519 60 (+49) 30 4435196 22 info@bestplace-spanien.com<\/p>\n","protected":false},"author":12,"featured_media":0,"parent":0,"menu_order":7,"comment_status":"closed","ping_status":"closed","template":"page-elementor.php","meta":{"_acf_changed":false,"footnotes":""},"class_list":["post-35794","page","type-page","status-publish","hentry"],"acf":[],"yoast_head":"<!-- This site is optimized with the Yoast SEO plugin v23.6 - https:\/\/yoast.com\/wordpress\/plugins\/seo\/ -->\n<title>Kontakt z nami - Best Place Immobilien<\/title>\n<meta name=\"robots\" content=\"index, follow, max-snippet:-1, max-image-preview:large, max-video-preview:-1\" \/>\n<link rel=\"canonical\" href=\"https:\/\/www.bestplace-immobilien.de\/pl\/wp-json\/wp\/v2\/pages\/35794\" \/>\n<meta property=\"og:locale\" content=\"pl_PL\" \/>\n<meta property=\"og:type\" content=\"article\" \/>\n<meta property=\"og:title\" content=\"Kontakt z nami - Best Place Immobilien\" \/>\n<meta property=\"og:description\" content=\"Kontakt z nami Witamy w BEST PLACE! Czekamy na wiadomo\u015b\u0107 od Ciebie. BEST PLACEPasseig Esplanada d&#8217;Espanya No.203002 Alicante \/ Hiszpania (+49) 30 443519 60 (+49) 30 4435196 22 info@bestplace-spanien.com\" \/>\n<meta property=\"og:url\" content=\"https:\/\/www.bestplace-spanien.com\/pl\/kontakt\" \/>\n<meta property=\"og:site_name\" content=\"Best Place Immobilien\" \/>\n<meta property=\"article:modified_time\" content=\"2023-11-07T15:03:04+00:00\" \/>\n<meta name=\"twitter:card\" content=\"summary_large_image\" \/>\n<meta name=\"twitter:label1\" content=\"Est. reading time\" \/>\n\t<meta name=\"twitter:data1\" content=\"1 minuta\" \/>\n<script type=\"application\/ld+json\" class=\"yoast-schema-graph\">{\"@context\":\"https:\/\/schema.org\",\"@graph\":[{\"@type\":\"WebPage\",\"@id\":\"https:\/\/www.bestplace-spanien.com\/pl\/kontakt\",\"url\":\"https:\/\/www.bestplace-spanien.com\/pl\/kontakt\",\"name\":\"Kontakt z nami - Best Place Immobilien\",\"isPartOf\":{\"@id\":\"https:\/\/www.bestplace-spanien.com\/pl#website\"},\"datePublished\":\"2022-05-31T09:57:15+00:00\",\"dateModified\":\"2023-11-07T15:03:04+00:00\",\"breadcrumb\":{\"@id\":\"https:\/\/www.bestplace-spanien.com\/pl\/kontakt#breadcrumb\"},\"inLanguage\":\"pl-PL\",\"potentialAction\":[{\"@type\":\"ReadAction\",\"target\":[\"https:\/\/www.bestplace-spanien.com\/pl\/kontakt\"]}]},{\"@type\":\"BreadcrumbList\",\"@id\":\"https:\/\/www.bestplace-spanien.com\/pl\/kontakt#breadcrumb\",\"itemListElement\":[{\"@type\":\"ListItem\",\"position\":1,\"name\":\"Startseite\",\"item\":\"https:\/\/www.bestplace-spanien.com\/pl\"},{\"@type\":\"ListItem\",\"position\":2,\"name\":\"Kontakt z nami\"}]},{\"@type\":\"WebSite\",\"@id\":\"https:\/\/www.bestplace-spanien.com\/pl#website\",\"url\":\"https:\/\/www.bestplace-spanien.com\/pl\",\"name\":\"Best Place Immobilien\",\"description\":\"\",\"potentialAction\":[{\"@type\":\"SearchAction\",\"target\":{\"@type\":\"EntryPoint\",\"urlTemplate\":\"https:\/\/www.bestplace-spanien.com\/pl?s={search_term_string}\"},\"query-input\":{\"@type\":\"PropertyValueSpecification\",\"valueRequired\":true,\"valueName\":\"search_term_string\"}}],\"inLanguage\":\"pl-PL\"}]}<\/script>\n<!-- \/ Yoast SEO plugin. -->","yoast_head_json":{"title":"Kontakt z nami - Best Place Immobilien","robots":{"index":"index","follow":"follow","max-snippet":"max-snippet:-1","max-image-preview":"max-image-preview:large","max-video-preview":"max-video-preview:-1"},"canonical":"https:\/\/www.bestplace-immobilien.de\/pl\/wp-json\/wp\/v2\/pages\/35794","og_locale":"pl_PL","og_type":"article","og_title":"Kontakt z nami - Best Place Immobilien","og_description":"Kontakt z nami Witamy w BEST PLACE! Czekamy na wiadomo\u015b\u0107 od Ciebie. BEST PLACEPasseig Esplanada d&#8217;Espanya No.203002 Alicante \/ Hiszpania (+49) 30 443519 60 (+49) 30 4435196 22 info@bestplace-spanien.com","og_url":"https:\/\/www.bestplace-spanien.com\/pl\/kontakt","og_site_name":"Best Place Immobilien","article_modified_time":"2023-11-07T15:03:04+00:00","twitter_card":"summary_large_image","twitter_misc":{"Est. reading time":"1 minuta"},"schema":{"@context":"https:\/\/schema.org","@graph":[{"@type":"WebPage","@id":"https:\/\/www.bestplace-spanien.com\/pl\/kontakt","url":"https:\/\/www.bestplace-spanien.com\/pl\/kontakt","name":"Kontakt z nami - Best Place Immobilien","isPartOf":{"@id":"https:\/\/www.bestplace-spanien.com\/pl#website"},"datePublished":"2022-05-31T09:57:15+00:00","dateModified":"2023-11-07T15:03:04+00:00","breadcrumb":{"@id":"https:\/\/www.bestplace-spanien.com\/pl\/kontakt#breadcrumb"},"inLanguage":"pl-PL","potentialAction":[{"@type":"ReadAction","target":["https:\/\/www.bestplace-spanien.com\/pl\/kontakt"]}]},{"@type":"BreadcrumbList","@id":"https:\/\/www.bestplace-spanien.com\/pl\/kontakt#breadcrumb","itemListElement":[{"@type":"ListItem","position":1,"name":"Startseite","item":"https:\/\/www.bestplace-spanien.com\/pl"},{"@type":"ListItem","position":2,"name":"Kontakt z nami"}]},{"@type":"WebSite","@id":"https:\/\/www.bestplace-spanien.com\/pl#website","url":"https:\/\/www.bestplace-spanien.com\/pl","name":"Best Place Immobilien","description":"","potentialAction":[{"@type":"SearchAction","target":{"@type":"EntryPoint","urlTemplate":"https:\/\/www.bestplace-spanien.com\/pl?s={search_term_string}"},"query-input":{"@type":"PropertyValueSpecification","valueRequired":true,"valueName":"search_term_string"}}],"inLanguage":"pl-PL"}]}},"_links":{"self":[{"href":"https:\/\/www.bestplace-spanien.com\/pl\/wp-json\/wp\/v2\/pages\/35794"}],"collection":[{"href":"https:\/\/www.bestplace-spanien.com\/pl\/wp-json\/wp\/v2\/pages"}],"about":[{"href":"https:\/\/www.bestplace-spanien.com\/pl\/wp-json\/wp\/v2\/types\/page"}],"author":[{"embeddable":true,"href":"https:\/\/www.bestplace-spanien.com\/pl\/wp-json\/wp\/v2\/users\/12"}],"replies":[{"embeddable":true,"href":"https:\/\/www.bestplace-spanien.com\/pl\/wp-json\/wp\/v2\/comments?post=35794"}],"version-history":[{"count":15,"href":"https:\/\/www.bestplace-spanien.com\/pl\/wp-json\/wp\/v2\/pages\/35794\/revisions"}],"predecessor-version":[{"id":36856,"href":"https:\/\/www.bestplace-spanien.com\/pl\/wp-json\/wp\/v2\/pages\/35794\/revisions\/36856"}],"wp:attachment":[{"href":"https:\/\/www.bestplace-spanien.com\/pl\/wp-json\/wp\/v2\/media?parent=35794"}],"curies":[{"name":"wp","href":"https:\/\/api.w.org\/{rel}","templated":true}]}}